{"id":1255,"date":"2024-07-19T15:41:48","date_gmt":"2024-07-19T12:41:48","guid":{"rendered":"https:\/\/impact-finance.eu\/?page_id=1255"},"modified":"2024-10-16T12:28:50","modified_gmt":"2024-10-16T09:28:50","slug":"privacy-policy","status":"publish","type":"page","link":"https:\/\/impact-finance.eu\/lt\/privacy-policy\/","title":{"rendered":"PRIVATUMO POLITIKA"},"content":{"rendered":"<div data-elementor-type=\"wp-page\" data-elementor-id=\"1255\" class=\"elementor elementor-1255\" data-elementor-post-type=\"page\">\n\t\t\t\t<div class=\"elementor-element elementor-element-daeae63 e-con-full e-flex e-con e-parent\" data-id=\"daeae63\" data-element_type=\"container\" data-e-type=\"container\" data-settings=\"{&quot;background_background&quot;:&quot;slideshow&quot;,&quot;background_slideshow_gallery&quot;:[],&quot;background_slideshow_loop&quot;:&quot;yes&quot;,&quot;background_slideshow_slide_duration&quot;:5000,&quot;background_slideshow_slide_transition&quot;:&quot;fade&quot;,&quot;background_slideshow_transition_duration&quot;:500}\">\n\t\t<section class=\"elementor-element elementor-element-10373a9 e-con-full e-flex e-con e-child\" data-id=\"10373a9\" data-element_type=\"container\" data-e-type=\"container\" data-settings=\"{&quot;background_background&quot;:&quot;classic&quot;}\">\n\t\t\t\t<div class=\"elementor-element elementor-element-19e21ca elementor-widget elementor-widget-heading\" data-id=\"19e21ca\" data-element_type=\"widget\" data-e-type=\"widget\" data-widget_type=\"heading.default\">\n\t\t\t\t<div class=\"elementor-widget-container\">\n\t\t\t\t\t<h2 class=\"elementor-heading-title elementor-size-default\">PRIVATUMO POLITIKA<\/h2>\t\t\t\t<\/div>\n\t\t\t\t<\/div>\n\t\t\t\t<\/section>\n\t\t\t\t<\/div>\n\t\t<div class=\"elementor-element elementor-element-6570491 e-flex e-con-boxed e-con e-parent\" data-id=\"6570491\" data-element_type=\"container\" data-e-type=\"container\">\n\t\t\t\t\t<div class=\"e-con-inner\">\n\t\t\t\t<div class=\"elementor-element elementor-element-065b0bc elementor-widget elementor-widget-text-editor\" data-id=\"065b0bc\" data-element_type=\"widget\" data-e-type=\"widget\" data-widget_type=\"text-editor.default\">\n\t\t\t\t<div class=\"elementor-widget-container\">\n\t\t\t\t\t\t\t\t\t<p><strong>Kas mes esame<\/strong><\/p><h6>M\u016bs\u0173 svetain\u0117s adresas yra: https:\/\/impact-finance.eu\/<\/h6><h3><strong>Kokius asmens duomenis renkame ir kod\u0117l juos renkame<\/strong><\/h3><h6>Visi surinkti asmens duomenys naudojami tik komunikacijos su https:\/\/impact-finance.eu\/ tikslais.<\/h6><h3><strong>Kontaktin\u0117s formos<\/strong><\/h3><h6>Filling out the contact form authorizes this Application to use your details to respond to requests for information, quotes, or other kinds of inquiries indicated by the form\u2019s header. Personal Data collected: Name, Email address.<\/h6><h3><strong>Slapukai<\/strong><\/h3><h6>M\u016bs\u0173 svetain\u0117 naudoja slapukus turinio valdymui lankytojams, \u012fra\u0161ydama nedidelius failus j\u016bs\u0173 kompiuteryje. Slapukai n\u0117ra naudojami asmenims sekti ar juos asmeni\u0161kai identifikuoti.<\/h6><h3><strong>\u012eterptasis turinys i\u0161 kit\u0173 svetaini\u0173<\/strong><\/h3><h6>\u0160ios svetain\u0117s straipsniuose gali b\u016bti \u012fterptojo turinio (pvz., vaizdo \u012fra\u0161\u0173, paveiksl\u0117li\u0173, straipsni\u0173 ir kt.). \u012eterptasis turinys veikia lygiai taip pat, kaip ir lankytojui apsilankius kitoje svetain\u0117je. \u0160ios svetain\u0117s gali rinkti duomenis apie jus, naudoti slapukus, \u012fterpti papildom\u0105 tre\u010di\u0173j\u0173 \u0161ali\u0173 steb\u0117jim\u0105 ir steb\u0117ti j\u016bs\u0173 s\u0105veik\u0105 su tuo \u012fterptuoju turiniu, \u012fskaitant j\u016bs\u0173 s\u0105veikos su \u012fterptuoju turiniu steb\u0117jim\u0105, jei turite paskyr\u0105 ir esate prisijung\u0119 prie tos svetain\u0117s.<\/h6><h3><strong>Analitiniai<\/strong><\/h3><h6 class=\"translation-block\">\u0160iame skyriuje pateikiamos paslaugos, kurios leid\u017eia Savininkui steb\u0117ti ir analizuoti \u017einiatinklio sraut\u0105 bei sekti Vartotojo elges\u012f.<br>\nGoogle Analytics (Google LLC)<br>\nSvetaini\u0173 analiz\u0117 naudojant \u201eGoogle Analytics\u201c yra \u201eGoogle LLC\u201c (\u201eGoogle\u201c) teikiama paslauga. Naudodami surinktus Duomenis, \u201eGoogle\u201c seka ir tiria \u0161ios Program\u0117l\u0117s naudojim\u0105, rengia ataskaitas apie jos veikl\u0105 ir dalijasi jomis su kitomis \u201eGoogle\u201c paslaugomis.<br>\nSurinktus Duomenis \u201eGoogle\u201c gali naudoti savo skelbimams kontekstualizuoti ir suasmeninti.<br>\nRenkami asmens duomenys: slapukai; naudojimo duomenys.<\/h6><h3><strong>J\u016bs\u0173 kontaktin\u0117 informacija<\/strong><\/h3><p>info@impact-finance.eu<\/p><h3><strong>Kaip apsaugome j\u016bs\u0173 duomenis<\/strong><\/h3><h6>Bus bus \u012fdiegta papildom\u0173 apsaugos priemoni\u0173, kad b\u016bt\u0173 u\u017etikrinta, jog asmeniniai duomenys b\u016bt\u0173 apdorojami saugiai. M\u016bs\u0173 duomenys yra \u0161ifruojami tiek perduodant, tiek saugojant, o prieiga prie j\u0173 grie\u017etai ribojama tik nedideliam darbuotoj\u0173 skai\u010diui ir yra pateikiama konfidencialumo sutartimis. J\u016bs\u0173 duomenys bus tvarkomi saugiai ir pagal \u0161i\u0105 politik\u0105. Nepaisant to, kad internetas yra saugi priemon\u0117, informacija negali b\u016bti perduodama visi\u0161kai saugiai. J\u016bs\u0173 asmens duomen\u0173 saugumas, perduodam\u0173 \u012f bet kur\u012f i\u0161 m\u016bs\u0173 svetaini\u0173, negali b\u016bti garantuotas; bet koks perdavimas yra j\u016bs\u0173 pa\u010di\u0173 rizika. Siekdami u\u017ekirsti keli\u0105 neteis\u0117tai prieigai prie j\u016bs\u0173 informacijos, mes naudosime grie\u017etas proced\u016bras ir saugumo funkcijas. Kai \u012fmanoma, naudojama \u0161ifravimas tiek perduodant, tiek saugojant. Organizacijos riboja prieig\u0105 prie informacijos per prieigos kontrol\u0119.<\/h6>\t\t\t\t\t\t\t\t<\/div>\n\t\t\t\t<\/div>\n\t\t\t\t\t<\/div>\n\t\t\t\t<\/div>\n\t\t\t\t<\/div>","protected":false},"excerpt":{"rendered":"<p>PRIVACY POLICY Who we are Our website address is: https:\/\/impact-finance.eu\/ What personal data we collect and why we collect it All personal data that may be collected, are used only for the needs of the communication with https:\/\/impact-finance.eu\/ Contact forms Filling out the contact form authorizes this Application to use your details to respond to [&hellip;]<\/p>\n","protected":false},"author":1,"featured_media":0,"parent":0,"menu_order":0,"comment_status":"closed","ping_status":"closed","template":"","meta":{"_acf_changed":false,"footnotes":""},"class_list":["post-1255","page","type-page","status-publish","hentry"],"acf":[],"_links":{"self":[{"href":"https:\/\/impact-finance.eu\/lt\/wp-json\/wp\/v2\/pages\/1255","targetHints":{"allow":["GET"]}}],"collection":[{"href":"https:\/\/impact-finance.eu\/lt\/wp-json\/wp\/v2\/pages"}],"about":[{"href":"https:\/\/impact-finance.eu\/lt\/wp-json\/wp\/v2\/types\/page"}],"author":[{"embeddable":true,"href":"https:\/\/impact-finance.eu\/lt\/wp-json\/wp\/v2\/users\/1"}],"replies":[{"embeddable":true,"href":"https:\/\/impact-finance.eu\/lt\/wp-json\/wp\/v2\/comments?post=1255"}],"version-history":[{"count":10,"href":"https:\/\/impact-finance.eu\/lt\/wp-json\/wp\/v2\/pages\/1255\/revisions"}],"predecessor-version":[{"id":1316,"href":"https:\/\/impact-finance.eu\/lt\/wp-json\/wp\/v2\/pages\/1255\/revisions\/1316"}],"wp:attachment":[{"href":"https:\/\/impact-finance.eu\/lt\/wp-json\/wp\/v2\/media?parent=1255"}],"curies":[{"name":"wp","href":"https:\/\/api.w.org\/{rel}","templated":true}]}}