{"id":1280,"date":"2024-07-19T16:20:46","date_gmt":"2024-07-19T13:20:46","guid":{"rendered":"https:\/\/impact-finance.eu\/?page_id=1280"},"modified":"2024-10-16T12:29:28","modified_gmt":"2024-10-16T09:29:28","slug":"terms-conditions","status":"publish","type":"page","link":"https:\/\/impact-finance.eu\/lt\/terms-conditions\/","title":{"rendered":"TERMS &#038; CONDITIONS"},"content":{"rendered":"<div data-elementor-type=\"wp-page\" data-elementor-id=\"1280\" class=\"elementor elementor-1280\" data-elementor-post-type=\"page\">\n\t\t\t\t<div class=\"elementor-element elementor-element-dd6c935 e-con-full e-flex e-con e-parent\" data-id=\"dd6c935\" data-element_type=\"container\" data-e-type=\"container\" data-settings=\"{&quot;background_background&quot;:&quot;slideshow&quot;,&quot;background_slideshow_gallery&quot;:[],&quot;background_slideshow_loop&quot;:&quot;yes&quot;,&quot;background_slideshow_slide_duration&quot;:5000,&quot;background_slideshow_slide_transition&quot;:&quot;fade&quot;,&quot;background_slideshow_transition_duration&quot;:500}\">\n\t\t<section class=\"elementor-element elementor-element-ee06ee1 e-con-full e-flex e-con e-child\" data-id=\"ee06ee1\" data-element_type=\"container\" data-e-type=\"container\" data-settings=\"{&quot;background_background&quot;:&quot;classic&quot;}\">\n\t\t\t\t<div class=\"elementor-element elementor-element-cfd3a3f elementor-widget elementor-widget-heading\" data-id=\"cfd3a3f\" data-element_type=\"widget\" data-e-type=\"widget\" data-widget_type=\"heading.default\">\n\t\t\t\t<div class=\"elementor-widget-container\">\n\t\t\t\t\t<h2 class=\"elementor-heading-title elementor-size-default\">TERMS &amp; CONDITIONS<\/h2>\t\t\t\t<\/div>\n\t\t\t\t<\/div>\n\t\t\t\t<\/section>\n\t\t\t\t<\/div>\n\t\t<div class=\"elementor-element elementor-element-9086803 e-flex e-con-boxed e-con e-parent\" data-id=\"9086803\" data-element_type=\"container\" data-e-type=\"container\">\n\t\t\t\t\t<div class=\"e-con-inner\">\n\t\t\t\t<div class=\"elementor-element elementor-element-d136762 elementor-widget elementor-widget-text-editor\" data-id=\"d136762\" data-element_type=\"widget\" data-e-type=\"widget\" data-widget_type=\"text-editor.default\">\n\t\t\t\t<div class=\"elementor-widget-container\">\n\t\t\t\t\t\t\t\t\t<h3>Naudojimo S\u0105lygos<\/h3><h6>Paslaugos bus teikiamos jums pagal \u017eemiau pateiktas s\u0105lygas. \u0160ios s\u0105lygos taikomos kiekvienam apsilankymui \u0161ioje svetain\u0117je. Tod\u0117l pra\u0161ome jas perskaityti atid\u017eiai.<\/h6><h3>Privatumo politika<\/h3><h6>Pra\u0161ome perskaityti m\u016bs\u0173 privatumo politik\u0105, susijusi\u0105 su vartotoj\u0173 duomen\u0173 rinkimu, prie\u0161 naudodamiesi m\u016bs\u0173 svetaine. Tai suteiks jums geresn\u012f supratim\u0105 apie m\u016bs\u0173 praktik\u0105.\u00a0<\/h6><h3>Komunikacijos<\/h3><h6>Mes bendraujame tik elektroniniais b\u016bdais. El. pa\u0161tas ir svetain\u0117s lankymas yra b\u016bdai, kaip galite bendrauti su mumis. \u0160iuo sutinkate gauti komunikacijas i\u0161 m\u016bs\u0173. T\u0119site gavim\u0105 el. lai\u0161k\u0173 i\u0161 m\u016bs\u0173, taip pat naujien\u0173 ir prane\u0161im\u0173, paskelbt\u0173 m\u016bs\u0173 svetain\u0117je. Prane\u0161imai, atskleidimai, susitarimai ir kitos komunikacijos, kurias mes suteikiame jums elektroniniu b\u016bdu, atitiks teisines reikalavimus, kad jie b\u016bt\u0173 ra\u0161ti\u0161ki.<\/h6><h3>Autoriniai Teis\u0117s \u012f Vaizdus ir Nuotraukas<\/h3><h6>Nuotraukos, iliustracijos ir kiti medijos da\u017eniausiai bus apsaugoti autorin\u0117mis teis\u0117mis kaip meniniai k\u016briniai. \u0160io svetain\u0117s vartotojai visi\u0161kai atsako u\u017e autorines teises, susijusias su vizualinio turinio dalijimu ir redagavimu.<\/h6><h3>Taikytina teis\u0117<\/h3><h6>\u0160ie s\u0105lygos ir nuostatos bus reglamentuojami Europos S\u0105jungos \u012fstatymais, neatsi\u017evelgiant \u012f teisini\u0173 konflikt\u0173 principus ar bet kokius kitus gin\u010dus tarp https:\/\/impact-finance.eu\/, jos verslo partneri\u0173 ar filial\u0173.<\/h6><h3>Gin\u010dai<\/h3><h6>Kilus gin\u010dui, susijusiam su j\u016bs\u0173 apsilankymu \u0161ioje svetain\u0117je, sutinkate su i\u0161skirtine valstybin\u0117s arba federalin\u0117s teism\u0173 jurisdikcija ir vieta.<\/h6><h3>Licencija ir Prieiga prie Svetain\u0117s<\/h3><h6>\u0160i svetain\u0117 yra licencijuota tik asmeniniam naudojimui. J\u016bs neturite teis\u0117s jos atsisi\u0173sti ar keisti. Tai galima padaryti tik gavus m\u016bs\u0173 ra\u0161ti\u0161k\u0105 sutikim\u0105.<\/h6>\t\t\t\t\t\t\t\t<\/div>\n\t\t\t\t<\/div>\n\t\t\t\t\t<\/div>\n\t\t\t\t<\/div>\n\t\t\t\t<\/div>","protected":false},"excerpt":{"rendered":"<p>TERMS &#038; CONDITIONS Conditions of Use Services will be provided to you in accordance with the conditions stated below. The following conditions apply to every visit to this website. Therefore, please read them carefully. Privacy Policy Please read our privacy policy regarding the collection of user data before using our website. This will provide you [&hellip;]<\/p>\n","protected":false},"author":1,"featured_media":0,"parent":0,"menu_order":0,"comment_status":"closed","ping_status":"closed","template":"","meta":{"_acf_changed":false,"footnotes":""},"class_list":["post-1280","page","type-page","status-publish","hentry"],"acf":[],"_links":{"self":[{"href":"https:\/\/impact-finance.eu\/lt\/wp-json\/wp\/v2\/pages\/1280","targetHints":{"allow":["GET"]}}],"collection":[{"href":"https:\/\/impact-finance.eu\/lt\/wp-json\/wp\/v2\/pages"}],"about":[{"href":"https:\/\/impact-finance.eu\/lt\/wp-json\/wp\/v2\/types\/page"}],"author":[{"embeddable":true,"href":"https:\/\/impact-finance.eu\/lt\/wp-json\/wp\/v2\/users\/1"}],"replies":[{"embeddable":true,"href":"https:\/\/impact-finance.eu\/lt\/wp-json\/wp\/v2\/comments?post=1280"}],"version-history":[{"count":10,"href":"https:\/\/impact-finance.eu\/lt\/wp-json\/wp\/v2\/pages\/1280\/revisions"}],"predecessor-version":[{"id":1312,"href":"https:\/\/impact-finance.eu\/lt\/wp-json\/wp\/v2\/pages\/1280\/revisions\/1312"}],"wp:attachment":[{"href":"https:\/\/impact-finance.eu\/lt\/wp-json\/wp\/v2\/media?parent=1280"}],"curies":[{"name":"wp","href":"https:\/\/api.w.org\/{rel}","templated":true}]}}