{"id":1597,"date":"2024-10-16T12:27:27","date_gmt":"2024-10-16T09:27:27","guid":{"rendered":"https:\/\/impact-finance.eu\/?page_id=1597"},"modified":"2024-10-16T12:27:29","modified_gmt":"2024-10-16T09:27:29","slug":"hackathon-trainings","status":"publish","type":"page","link":"https:\/\/impact-finance.eu\/lt\/hackathon-trainings\/","title":{"rendered":"Hakatono mokymai"},"content":{"rendered":"<h2 class=\"wp-block-heading\">Antrasis TPM Kaune ir C1 veikla<\/h2>\n\n\n\n<p class=\"translation-block\">D\u017eiaugiam\u0117s gal\u0117dami prad\u0117ti nauj\u0105 m\u016bs\u0173 projekto etap\u0105 \u2013 vietinius hakatonus, skirtus tvaraus asmenini\u0173 finans\u0173 ugdymo med\u017eiagos k\u016brimui!<br>Visi techniniai klausimai buvo aptarti vis\u0173 partneri\u0173 2-ajame TPM, kuris vyko 2024 m. bir\u017eelio 20\u201321 d. Vytauto Did\u017eiojo universitete, Kaune, Lietuvoje.<br>Partneriai ne tik aptar\u0117 pasiekt\u0105 pa\u017eang\u0105 ir b\u016bsim\u0105 projekto veikl\u0105, bet ir 2024 m. bir\u017eelio 17\u201319 d. dalyvavo C1 mokymosi, mokymo ir mokymo(si) veikloje tarp projekto partneri\u0173 Kaune, Lietuvoje.<br>Visi partneriai dalyvavo hakatonuose kartu su Vytauto Did\u017eiojo universiteto studentais, \u012fsitrauk\u0117 \u012f konsultacinius susitikimus su studentais bei baigiam\u0105j\u0105 nugal\u0117toj\u0173 ceremonij\u0105.<br>Tai suteik\u0117 ai\u0161k\u0173 vaizd\u0105, kaip tur\u0117t\u0173 b\u016bti organizuojami hakatonai ir ko galima i\u0161 j\u0173 tik\u0117tis.<\/p>","protected":false},"excerpt":{"rendered":"<p>2nd TPM in Kaunas &amp; C1 Activity We are excited to start the new step of our project \u2013 local Hackathons for sustainable personal finance educational material creation! All the technical issues were discussed by all partners inthe 2nd TPM on 20-21 of June, in Vytautas Magnus university, Kaunas, Lithuania.The partners not only discussed about [&hellip;]<\/p>\n","protected":false},"author":1,"featured_media":0,"parent":0,"menu_order":0,"comment_status":"closed","ping_status":"closed","template":"","meta":{"_acf_changed":false,"footnotes":""},"class_list":["post-1597","page","type-page","status-publish","hentry"],"acf":[],"_links":{"self":[{"href":"https:\/\/impact-finance.eu\/lt\/wp-json\/wp\/v2\/pages\/1597","targetHints":{"allow":["GET"]}}],"collection":[{"href":"https:\/\/impact-finance.eu\/lt\/wp-json\/wp\/v2\/pages"}],"about":[{"href":"https:\/\/impact-finance.eu\/lt\/wp-json\/wp\/v2\/types\/page"}],"author":[{"embeddable":true,"href":"https:\/\/impact-finance.eu\/lt\/wp-json\/wp\/v2\/users\/1"}],"replies":[{"embeddable":true,"href":"https:\/\/impact-finance.eu\/lt\/wp-json\/wp\/v2\/comments?post=1597"}],"version-history":[{"count":1,"href":"https:\/\/impact-finance.eu\/lt\/wp-json\/wp\/v2\/pages\/1597\/revisions"}],"predecessor-version":[{"id":1617,"href":"https:\/\/impact-finance.eu\/lt\/wp-json\/wp\/v2\/pages\/1597\/revisions\/1617"}],"wp:attachment":[{"href":"https:\/\/impact-finance.eu\/lt\/wp-json\/wp\/v2\/media?parent=1597"}],"curies":[{"name":"wp","href":"https:\/\/api.w.org\/{rel}","templated":true}]}}